{"id":661,"date":"2023-07-30T13:16:30","date_gmt":"2023-07-30T13:16:30","guid":{"rendered":"https:\/\/xn--moflore-7ya.com\/?post_type=product&#038;p=661"},"modified":"2023-08-01T00:32:23","modified_gmt":"2023-08-01T00:32:23","slug":"cajas-originales-personalizadas-mio-flore-7","status":"publish","type":"product","link":"https:\/\/m\u00edoflore.com\/?product=cajas-originales-personalizadas-mio-flore-7","title":{"rendered":"Caja original M\u00edo flore"},"content":{"rendered":"<p><strong>\u00a1Aviso! El precio es variable<\/strong><br \/>\nEl precio var\u00eda seg\u00fan personalizaci\u00f3n y detalles.<br \/>\nPara cotizar, consulta por WhatsApp<\/p>\n","protected":false},"excerpt":{"rendered":"<p>Producto 100% personalizable.<br \/>\n<strong>\u00bfQuieres este producto?<\/strong><br \/>\nCotizar al <a href=\"https:\/\/walink.co\/ad9c14\">WhatsApp<\/a> o por medio de <span class=\"x193iq5w xeuugli x13faqbe x1vvkbs x1xmvt09 x1lliihq x1s928wv xhkezso x1gmr53x x1cpjm7i x1fgarty x1943h6x xudqn12 x3x7a5m x6prxxf xvq8zen xo1l8bm xzsf02u x1yc453h\" dir=\"auto\">7186-8246<\/span><\/p>\n","protected":false},"featured_media":516,"template":"","meta":{"site-sidebar-layout":"default","site-content-layout":"default","ast-global-header-display":"","ast-banner-title-visibility":"","ast-main-header-display":"","ast-hfb-above-header-display":"","ast-hfb-below-header-display":"","ast-hfb-mobile-header-display":"","site-post-title":"","ast-breadcrumbs-content":"","ast-featured-img":"","footer-sml-layout":"","theme-transparent-header-meta":"default","adv-header-id-meta":"","stick-header-meta":"","header-above-stick-meta":"","header-main-stick-meta":"","header-below-stick-meta":""},"product_cat":[35],"product_tag":[],"jetpack_sharing_enabled":true,"_links":{"self":[{"href":"https:\/\/m\u00edoflore.com\/index.php?rest_route=\/wp\/v2\/product\/661"}],"collection":[{"href":"https:\/\/m\u00edoflore.com\/index.php?rest_route=\/wp\/v2\/product"}],"about":[{"href":"https:\/\/m\u00edoflore.com\/index.php?rest_route=\/wp\/v2\/types\/product"}],"wp:featuredmedia":[{"embeddable":true,"href":"https:\/\/m\u00edoflore.com\/index.php?rest_route=\/wp\/v2\/media\/516"}],"wp:attachment":[{"href":"https:\/\/m\u00edoflore.com\/index.php?rest_route=%2Fwp%2Fv2%2Fmedia&parent=661"}],"wp:term":[{"taxonomy":"product_cat","embeddable":true,"href":"https:\/\/m\u00edoflore.com\/index.php?rest_route=%2Fwp%2Fv2%2Fproduct_cat&post=661"},{"taxonomy":"product_tag","embeddable":true,"href":"https:\/\/m\u00edoflore.com\/index.php?rest_route=%2Fwp%2Fv2%2Fproduct_tag&post=661"}],"curies":[{"name":"wp","href":"https:\/\/api.w.org\/{rel}","templated":true}]}}