{"id":1948,"date":"2024-09-18T15:38:49","date_gmt":"2024-09-18T15:38:49","guid":{"rendered":"https:\/\/m\u00edoflore.com\/?post_type=product&#038;p=1948"},"modified":"2024-09-18T15:38:49","modified_gmt":"2024-09-18T15:38:49","slug":"caja-de-girasolesglobo-personalizado-7","status":"publish","type":"product","link":"https:\/\/m\u00edoflore.com\/?product=caja-de-girasolesglobo-personalizado-7","title":{"rendered":"Caja de girasoles+Globo Personalizado"},"content":{"rendered":"<p><strong>\u00a1Aviso! El precio es variable<\/strong><br \/>\nEl precio var\u00eda seg\u00fan personalizaci\u00f3n y detalles.<br \/>\nPara cotizar, consulta por <a href=\"https:\/\/walink.co\/ad9c14\" target=\"_blank\" rel=\"noopener\">WhatsApp<\/a><\/p>\n","protected":false},"excerpt":{"rendered":"<div class=\"woocommerce-product-details__short-description\">\n<div class=\"woocommerce-product-details__short-description\">\n<ul>\n<li>Por la compra de este producto regalamos una caja de Brigadeiros.<\/li>\n<li>Tama\u00f1o: Peque\u00f1a -mediana-grande.<\/li>\n<li>Forma: Caja o forma de coraz\u00f3n<\/li>\n<li>Producto 100% personalizable.<br \/>\n<strong>\u00bfQuieres este producto?<\/strong><br \/>\nCotizar al <a href=\"https:\/\/walink.co\/ad9c14\">WhatsApp<\/a> o por medio de <span class=\"x193iq5w xeuugli x13faqbe x1vvkbs x1xmvt09 x1lliihq x1s928wv xhkezso x1gmr53x x1cpjm7i x1fgarty x1943h6x xudqn12 x3x7a5m x6prxxf xvq8zen xo1l8bm xzsf02u x1yc453h\" dir=\"auto\">7186-8246<\/span><\/li>\n<\/ul>\n<\/div>\n<\/div>\n","protected":false},"featured_media":1949,"template":"","meta":{"site-sidebar-layout":"default","site-content-layout":"default","ast-global-header-display":"","ast-banner-title-visibility":"","ast-main-header-display":"","ast-hfb-above-header-display":"","ast-hfb-below-header-display":"","ast-hfb-mobile-header-display":"","site-post-title":"","ast-breadcrumbs-content":"","ast-featured-img":"","footer-sml-layout":"","theme-transparent-header-meta":"default","adv-header-id-meta":"","stick-header-meta":"","header-above-stick-meta":"","header-main-stick-meta":"","header-below-stick-meta":""},"product_cat":[37],"product_tag":[],"jetpack_sharing_enabled":true,"_links":{"self":[{"href":"https:\/\/m\u00edoflore.com\/index.php?rest_route=\/wp\/v2\/product\/1948"}],"collection":[{"href":"https:\/\/m\u00edoflore.com\/index.php?rest_route=\/wp\/v2\/product"}],"about":[{"href":"https:\/\/m\u00edoflore.com\/index.php?rest_route=\/wp\/v2\/types\/product"}],"wp:featuredmedia":[{"embeddable":true,"href":"https:\/\/m\u00edoflore.com\/index.php?rest_route=\/wp\/v2\/media\/1949"}],"wp:attachment":[{"href":"https:\/\/m\u00edoflore.com\/index.php?rest_route=%2Fwp%2Fv2%2Fmedia&parent=1948"}],"wp:term":[{"taxonomy":"product_cat","embeddable":true,"href":"https:\/\/m\u00edoflore.com\/index.php?rest_route=%2Fwp%2Fv2%2Fproduct_cat&post=1948"},{"taxonomy":"product_tag","embeddable":true,"href":"https:\/\/m\u00edoflore.com\/index.php?rest_route=%2Fwp%2Fv2%2Fproduct_tag&post=1948"}],"curies":[{"name":"wp","href":"https:\/\/api.w.org\/{rel}","templated":true}]}}