{"id":107,"date":"2023-07-27T20:49:17","date_gmt":"2023-07-27T20:49:17","guid":{"rendered":"https:\/\/xn--moflore-7ya.com\/?page_id=107"},"modified":"2024-09-13T21:15:46","modified_gmt":"2024-09-13T21:15:46","slug":"sobre-nosotros","status":"publish","type":"page","link":"https:\/\/m\u00edoflore.com\/?page_id=107","title":{"rendered":"Sobre nosotros"},"content":{"rendered":"\t\t<div data-elementor-type=\"wp-page\" data-elementor-id=\"107\" class=\"elementor elementor-107\">\n\t\t\t\t\t\t<section class=\"elementor-section elementor-top-section elementor-element elementor-element-8865727 elementor-section-boxed elementor-section-height-default elementor-section-height-default\" data-id=\"8865727\" data-element_type=\"section\">\n\t\t\t\t\t\t<div class=\"elementor-container elementor-column-gap-default\">\n\t\t\t\t\t<div class=\"elementor-column elementor-col-100 elementor-top-column elementor-element elementor-element-1528dbb\" data-id=\"1528dbb\" data-element_type=\"column\">\n\t\t\t<div class=\"elementor-widget-wrap elementor-element-populated\">\n\t\t\t\t\t\t<div class=\"elementor-element elementor-element-606b3ca elementor-widget-tablet__width-initial elementor-widget elementor-widget-heading\" data-id=\"606b3ca\" data-element_type=\"widget\" data-widget_type=\"heading.default\">\n\t\t\t\t<div class=\"elementor-widget-container\">\n\t\t\t<style>\/*! elementor - v3.19.0 - 07-02-2024 *\/\n.elementor-heading-title{padding:0;margin:0;line-height:1}.elementor-widget-heading .elementor-heading-title[class*=elementor-size-]>a{color:inherit;font-size:inherit;line-height:inherit}.elementor-widget-heading .elementor-heading-title.elementor-size-small{font-size:15px}.elementor-widget-heading .elementor-heading-title.elementor-size-medium{font-size:19px}.elementor-widget-heading .elementor-heading-title.elementor-size-large{font-size:29px}.elementor-widget-heading .elementor-heading-title.elementor-size-xl{font-size:39px}.elementor-widget-heading .elementor-heading-title.elementor-size-xxl{font-size:59px}<\/style><h2 class=\"elementor-heading-title elementor-size-default\">Sobre nosotros<\/h2>\t\t<\/div>\n\t\t\t\t<\/div>\n\t\t\t\t\t<\/div>\n\t\t<\/div>\n\t\t\t\t\t<\/div>\n\t\t<\/section>\n\t\t\t\t<section class=\"elementor-section elementor-top-section elementor-element elementor-element-5caeda0 elementor-section-boxed elementor-section-height-default elementor-section-height-default\" data-id=\"5caeda0\" data-element_type=\"section\">\n\t\t\t\t\t\t<div class=\"elementor-container elementor-column-gap-default\">\n\t\t\t\t\t<div class=\"elementor-column elementor-col-50 elementor-top-column elementor-element elementor-element-c0a088f\" data-id=\"c0a088f\" data-element_type=\"column\">\n\t\t\t<div class=\"elementor-widget-wrap elementor-element-populated\">\n\t\t\t\t\t\t<div class=\"elementor-element elementor-element-71fdd65 elementor-widget elementor-widget-heading\" data-id=\"71fdd65\" data-element_type=\"widget\" data-widget_type=\"heading.default\">\n\t\t\t\t<div class=\"elementor-widget-container\">\n\t\t\t<h2 class=\"elementor-heading-title elementor-size-default\">\u00bfQui\u00e9nes somos?<\/h2>\t\t<\/div>\n\t\t\t\t<\/div>\n\t\t\t\t<div class=\"elementor-element elementor-element-6b518e1 elementor-widget elementor-widget-text-editor\" data-id=\"6b518e1\" data-element_type=\"widget\" data-widget_type=\"text-editor.default\">\n\t\t\t\t<div class=\"elementor-widget-container\">\n\t\t\t<style>\/*! elementor - v3.19.0 - 07-02-2024 *\/\n.elementor-widget-text-editor.elementor-drop-cap-view-stacked .elementor-drop-cap{background-color:#69727d;color:#fff}.elementor-widget-text-editor.elementor-drop-cap-view-framed .elementor-drop-cap{color:#69727d;border:3px solid;background-color:transparent}.elementor-widget-text-editor:not(.elementor-drop-cap-view-default) .elementor-drop-cap{margin-top:8px}.elementor-widget-text-editor:not(.elementor-drop-cap-view-default) .elementor-drop-cap-letter{width:1em;height:1em}.elementor-widget-text-editor .elementor-drop-cap{float:left;text-align:center;line-height:1;font-size:50px}.elementor-widget-text-editor .elementor-drop-cap-letter{display:inline-block}<\/style>\t\t\t\t<p>Somos una florister\u00eda virtual que nace con el objetivo de llevar la magia y la belleza de las flores directamente a tu coraz\u00f3n, sin importar la distancia. En M\u00edo Flore, creemos que cada momento merece ser celebrado y cada sentimiento merece ser expresado de manera \u00fanica y especial.<\/p>\t\t\t\t\t\t<\/div>\n\t\t\t\t<\/div>\n\t\t\t\t<div class=\"elementor-element elementor-element-73b505b elementor-hidden-desktop elementor-hidden-tablet elementor-widget elementor-widget-image\" data-id=\"73b505b\" data-element_type=\"widget\" data-settings=\"{&quot;_animation_mobile&quot;:&quot;fadeInLeft&quot;}\" data-widget_type=\"image.default\">\n\t\t\t\t<div class=\"elementor-widget-container\">\n\t\t\t<style>\/*! elementor - v3.19.0 - 07-02-2024 *\/\n.elementor-widget-image{text-align:center}.elementor-widget-image a{display:inline-block}.elementor-widget-image a img[src$=\".svg\"]{width:48px}.elementor-widget-image img{vertical-align:middle;display:inline-block}<\/style>\t\t\t\t\t\t\t\t\t\t<img fetchpriority=\"high\" decoding=\"async\" width=\"828\" height=\"1020\" src=\"https:\/\/m\u00edoflore.com\/wp-content\/uploads\/2023\/07\/26.jpg\" class=\"attachment-large size-large wp-image-239\" alt=\"\" srcset=\"http:\/\/m\u00edoflore.com\/wp-content\/uploads\/2023\/07\/26.jpg 828w, http:\/\/m\u00edoflore.com\/wp-content\/uploads\/2023\/07\/26-244x300.jpg 244w, http:\/\/m\u00edoflore.com\/wp-content\/uploads\/2023\/07\/26-768x946.jpg 768w, http:\/\/m\u00edoflore.com\/wp-content\/uploads\/2023\/07\/26-600x739.jpg 600w\" sizes=\"(max-width: 828px) 100vw, 828px\" \/>\t\t\t\t\t\t\t\t\t\t\t\t\t<\/div>\n\t\t\t\t<\/div>\n\t\t\t\t<div class=\"elementor-element elementor-element-724e3ed elementor-hidden-mobile elementor-widget elementor-widget-text-editor\" data-id=\"724e3ed\" data-element_type=\"widget\" data-widget_type=\"text-editor.default\">\n\t\t\t\t<div class=\"elementor-widget-container\">\n\t\t\t\t\t\t\t<p>\u00a0<\/p><p>En M\u00edo Flore nos apasiona dar vida a emociones y momentos inolvidables. Nos enorgullece ser mucho m\u00e1s que una florister\u00eda, somos un equipo apasionado que cree en el poder de las flores para transmitir sentimientos y embellecer la vida de las personas.<\/p>\t\t\t\t\t\t<\/div>\n\t\t\t\t<\/div>\n\t\t\t\t<div class=\"elementor-element elementor-element-c525702 elementor-hidden-desktop elementor-hidden-tablet elementor-widget elementor-widget-text-editor\" data-id=\"c525702\" data-element_type=\"widget\" data-widget_type=\"text-editor.default\">\n\t\t\t\t<div class=\"elementor-widget-container\">\n\t\t\t\t\t\t\t<p>En M\u00edo Flore nos apasiona dar vida a emociones y momentos inolvidables. Nos enorgullece ser mucho m\u00e1s que una florister\u00eda, somos un equipo apasionado que cree en el poder de las flores para transmitir sentimientos y embellecer la vida de las personas.<\/p>\t\t\t\t\t\t<\/div>\n\t\t\t\t<\/div>\n\t\t\t\t\t<\/div>\n\t\t<\/div>\n\t\t\t\t<div class=\"elementor-column elementor-col-50 elementor-top-column elementor-element elementor-element-4575fa3\" data-id=\"4575fa3\" data-element_type=\"column\">\n\t\t\t<div class=\"elementor-widget-wrap elementor-element-populated\">\n\t\t\t\t\t\t<div class=\"elementor-element elementor-element-af323ca elementor-hidden-mobile elementor-invisible elementor-widget elementor-widget-image\" data-id=\"af323ca\" data-element_type=\"widget\" data-settings=\"{&quot;_animation&quot;:&quot;fadeInRight&quot;}\" data-widget_type=\"image.default\">\n\t\t\t\t<div class=\"elementor-widget-container\">\n\t\t\t\t\t\t\t\t\t\t\t\t\t<img fetchpriority=\"high\" decoding=\"async\" width=\"828\" height=\"1020\" src=\"https:\/\/m\u00edoflore.com\/wp-content\/uploads\/2023\/07\/26.jpg\" class=\"attachment-large size-large wp-image-239\" alt=\"\" srcset=\"http:\/\/m\u00edoflore.com\/wp-content\/uploads\/2023\/07\/26.jpg 828w, http:\/\/m\u00edoflore.com\/wp-content\/uploads\/2023\/07\/26-244x300.jpg 244w, http:\/\/m\u00edoflore.com\/wp-content\/uploads\/2023\/07\/26-768x946.jpg 768w, http:\/\/m\u00edoflore.com\/wp-content\/uploads\/2023\/07\/26-600x739.jpg 600w\" sizes=\"(max-width: 828px) 100vw, 828px\" \/>\t\t\t\t\t\t\t\t\t\t\t\t\t<\/div>\n\t\t\t\t<\/div>\n\t\t\t\t\t<\/div>\n\t\t<\/div>\n\t\t\t\t\t<\/div>\n\t\t<\/section>\n\t\t\t\t<section class=\"elementor-section elementor-top-section elementor-element elementor-element-210b47b elementor-section-boxed elementor-section-height-default elementor-section-height-default\" data-id=\"210b47b\" data-element_type=\"section\" data-settings=\"{&quot;background_background&quot;:&quot;classic&quot;}\">\n\t\t\t\t\t\t<div class=\"elementor-container elementor-column-gap-default\">\n\t\t\t\t\t<div class=\"elementor-column elementor-col-50 elementor-top-column elementor-element elementor-element-1a47311\" data-id=\"1a47311\" data-element_type=\"column\">\n\t\t\t<div class=\"elementor-widget-wrap elementor-element-populated\">\n\t\t\t\t\t\t<div class=\"elementor-element elementor-element-23dd066 elementor-invisible elementor-widget elementor-widget-image\" data-id=\"23dd066\" data-element_type=\"widget\" data-settings=\"{&quot;_animation&quot;:&quot;fadeInLeft&quot;,&quot;_animation_mobile&quot;:&quot;fadeInRight&quot;}\" data-widget_type=\"image.default\">\n\t\t\t\t<div class=\"elementor-widget-container\">\n\t\t\t\t\t\t\t\t\t\t\t\t\t<img decoding=\"async\" width=\"768\" height=\"960\" src=\"https:\/\/m\u00edoflore.com\/wp-content\/uploads\/2023\/07\/45.jpg\" class=\"attachment-large size-large wp-image-247\" alt=\"\" srcset=\"http:\/\/m\u00edoflore.com\/wp-content\/uploads\/2023\/07\/45.jpg 768w, http:\/\/m\u00edoflore.com\/wp-content\/uploads\/2023\/07\/45-240x300.jpg 240w, http:\/\/m\u00edoflore.com\/wp-content\/uploads\/2023\/07\/45-600x750.jpg 600w\" sizes=\"(max-width: 768px) 100vw, 768px\" \/>\t\t\t\t\t\t\t\t\t\t\t\t\t<\/div>\n\t\t\t\t<\/div>\n\t\t\t\t\t<\/div>\n\t\t<\/div>\n\t\t\t\t<div class=\"elementor-column elementor-col-50 elementor-top-column elementor-element elementor-element-11164a8\" data-id=\"11164a8\" data-element_type=\"column\">\n\t\t\t<div class=\"elementor-widget-wrap elementor-element-populated\">\n\t\t\t\t\t\t<div class=\"elementor-element elementor-element-5595fca elementor-widget elementor-widget-heading\" data-id=\"5595fca\" data-element_type=\"widget\" data-widget_type=\"heading.default\">\n\t\t\t\t<div class=\"elementor-widget-container\">\n\t\t\t<h2 class=\"elementor-heading-title elementor-size-default\">Visi\u00f3n<\/h2>\t\t<\/div>\n\t\t\t\t<\/div>\n\t\t\t\t<div class=\"elementor-element elementor-element-97cf71b elementor-widget elementor-widget-text-editor\" data-id=\"97cf71b\" data-element_type=\"widget\" data-widget_type=\"text-editor.default\">\n\t\t\t\t<div class=\"elementor-widget-container\">\n\t\t\t\t\t\t\t<p>Innovar continuamente la elaboraci\u00f3n de nuestros dise\u00f1os, servicios y alta calidad para el cliente. Nuestro compromiso es la mejora continua para lograr una amplia experiencia en decoraci\u00f3n floral desde peque\u00f1os a grandes detalles.<\/p>\t\t\t\t\t\t<\/div>\n\t\t\t\t<\/div>\n\t\t\t\t\t<\/div>\n\t\t<\/div>\n\t\t\t\t\t<\/div>\n\t\t<\/section>\n\t\t\t\t<section class=\"elementor-section elementor-top-section elementor-element elementor-element-9775c0d elementor-section-boxed elementor-section-height-default elementor-section-height-default\" data-id=\"9775c0d\" data-element_type=\"section\">\n\t\t\t\t\t\t<div class=\"elementor-container elementor-column-gap-default\">\n\t\t\t\t\t<div class=\"elementor-column elementor-col-50 elementor-top-column elementor-element elementor-element-75b142a\" data-id=\"75b142a\" data-element_type=\"column\">\n\t\t\t<div class=\"elementor-widget-wrap elementor-element-populated\">\n\t\t\t\t\t\t<div class=\"elementor-element elementor-element-8ceb529 elementor-hidden-desktop elementor-hidden-tablet elementor-widget elementor-widget-image\" data-id=\"8ceb529\" data-element_type=\"widget\" data-settings=\"{&quot;_animation_mobile&quot;:&quot;fadeInLeft&quot;}\" data-widget_type=\"image.default\">\n\t\t\t\t<div class=\"elementor-widget-container\">\n\t\t\t\t\t\t\t\t\t\t\t\t\t<img decoding=\"async\" width=\"768\" height=\"1024\" src=\"https:\/\/m\u00edoflore.com\/wp-content\/uploads\/2023\/07\/47-768x1024.jpg\" class=\"attachment-large size-large wp-image-249\" alt=\"\" srcset=\"http:\/\/m\u00edoflore.com\/wp-content\/uploads\/2023\/07\/47-768x1024.jpg 768w, http:\/\/m\u00edoflore.com\/wp-content\/uploads\/2023\/07\/47-225x300.jpg 225w, http:\/\/m\u00edoflore.com\/wp-content\/uploads\/2023\/07\/47-1152x1536.jpg 1152w, http:\/\/m\u00edoflore.com\/wp-content\/uploads\/2023\/07\/47-600x800.jpg 600w, http:\/\/m\u00edoflore.com\/wp-content\/uploads\/2023\/07\/47.jpg 1536w\" sizes=\"(max-width: 768px) 100vw, 768px\" \/>\t\t\t\t\t\t\t\t\t\t\t\t\t<\/div>\n\t\t\t\t<\/div>\n\t\t\t\t<div class=\"elementor-element elementor-element-2196a13 elementor-widget elementor-widget-heading\" data-id=\"2196a13\" data-element_type=\"widget\" data-widget_type=\"heading.default\">\n\t\t\t\t<div class=\"elementor-widget-container\">\n\t\t\t<h2 class=\"elementor-heading-title elementor-size-default\">Misi\u00f3n<\/h2>\t\t<\/div>\n\t\t\t\t<\/div>\n\t\t\t\t<div class=\"elementor-element elementor-element-b6d7f3d elementor-widget elementor-widget-text-editor\" data-id=\"b6d7f3d\" data-element_type=\"widget\" data-widget_type=\"text-editor.default\">\n\t\t\t\t<div class=\"elementor-widget-container\">\n\t\t\t\t\t\t\t<p>Somos una florister\u00eda en constante crecimiento, que ofrece a sus clientes una gran variedad de productos florales y de decoraci\u00f3n que cumple con las m\u00e1s altas exigencias de calidad, atenci\u00f3n personalizada y ofrecimiento de alternativas que satisfagan las necesidades de nuestros clientes.<\/p>\t\t\t\t\t\t<\/div>\n\t\t\t\t<\/div>\n\t\t\t\t\t<\/div>\n\t\t<\/div>\n\t\t\t\t<div class=\"elementor-column elementor-col-50 elementor-top-column elementor-element elementor-element-e3d37d0\" data-id=\"e3d37d0\" data-element_type=\"column\">\n\t\t\t<div class=\"elementor-widget-wrap elementor-element-populated\">\n\t\t\t\t\t\t<div class=\"elementor-element elementor-element-4caaaf5 elementor-hidden-mobile elementor-invisible elementor-widget elementor-widget-image\" data-id=\"4caaaf5\" data-element_type=\"widget\" data-settings=\"{&quot;_animation&quot;:&quot;fadeInRight&quot;}\" data-widget_type=\"image.default\">\n\t\t\t\t<div class=\"elementor-widget-container\">\n\t\t\t\t\t\t\t\t\t\t\t\t\t<img decoding=\"async\" width=\"768\" height=\"1024\" src=\"https:\/\/m\u00edoflore.com\/wp-content\/uploads\/2023\/07\/47-768x1024.jpg\" class=\"attachment-large size-large wp-image-249\" alt=\"\" srcset=\"http:\/\/m\u00edoflore.com\/wp-content\/uploads\/2023\/07\/47-768x1024.jpg 768w, http:\/\/m\u00edoflore.com\/wp-content\/uploads\/2023\/07\/47-225x300.jpg 225w, http:\/\/m\u00edoflore.com\/wp-content\/uploads\/2023\/07\/47-1152x1536.jpg 1152w, http:\/\/m\u00edoflore.com\/wp-content\/uploads\/2023\/07\/47-600x800.jpg 600w, http:\/\/m\u00edoflore.com\/wp-content\/uploads\/2023\/07\/47.jpg 1536w\" sizes=\"(max-width: 768px) 100vw, 768px\" \/>\t\t\t\t\t\t\t\t\t\t\t\t\t<\/div>\n\t\t\t\t<\/div>\n\t\t\t\t\t<\/div>\n\t\t<\/div>\n\t\t\t\t\t<\/div>\n\t\t<\/section>\n\t\t\t\t<section class=\"elementor-section elementor-top-section elementor-element elementor-element-9d44569 elementor-section-boxed elementor-section-height-default elementor-section-height-default\" data-id=\"9d44569\" data-element_type=\"section\">\n\t\t\t\t\t\t<div class=\"elementor-container elementor-column-gap-default\">\n\t\t\t\t\t<div class=\"elementor-column elementor-col-50 elementor-top-column elementor-element elementor-element-f418df2\" data-id=\"f418df2\" data-element_type=\"column\">\n\t\t\t<div class=\"elementor-widget-wrap elementor-element-populated\">\n\t\t\t\t\t\t<div class=\"elementor-element elementor-element-ee6ddbd elementor-hidden-mobile elementor-widget elementor-widget-image\" data-id=\"ee6ddbd\" data-element_type=\"widget\" data-widget_type=\"image.default\">\n\t\t\t\t<div class=\"elementor-widget-container\">\n\t\t\t\t\t\t\t\t\t\t\t\t\t<img loading=\"lazy\" decoding=\"async\" width=\"896\" height=\"960\" src=\"https:\/\/m\u00edoflore.com\/wp-content\/uploads\/2023\/07\/46.jpg\" class=\"attachment-large size-large wp-image-248\" alt=\"\" srcset=\"http:\/\/m\u00edoflore.com\/wp-content\/uploads\/2023\/07\/46.jpg 896w, http:\/\/m\u00edoflore.com\/wp-content\/uploads\/2023\/07\/46-280x300.jpg 280w, http:\/\/m\u00edoflore.com\/wp-content\/uploads\/2023\/07\/46-768x823.jpg 768w, http:\/\/m\u00edoflore.com\/wp-content\/uploads\/2023\/07\/46-600x643.jpg 600w\" sizes=\"(max-width: 896px) 100vw, 896px\" \/>\t\t\t\t\t\t\t\t\t\t\t\t\t<\/div>\n\t\t\t\t<\/div>\n\t\t\t\t\t<\/div>\n\t\t<\/div>\n\t\t\t\t<div class=\"elementor-column elementor-col-50 elementor-top-column elementor-element elementor-element-c5fedfd\" data-id=\"c5fedfd\" data-element_type=\"column\">\n\t\t\t<div class=\"elementor-widget-wrap elementor-element-populated\">\n\t\t\t\t\t\t<div class=\"elementor-element elementor-element-8f39eb3 elementor-hidden-desktop elementor-hidden-tablet elementor-widget elementor-widget-image\" data-id=\"8f39eb3\" data-element_type=\"widget\" data-settings=\"{&quot;_animation_mobile&quot;:&quot;fadeInRight&quot;}\" data-widget_type=\"image.default\">\n\t\t\t\t<div class=\"elementor-widget-container\">\n\t\t\t\t\t\t\t\t\t\t\t\t\t<img loading=\"lazy\" decoding=\"async\" width=\"896\" height=\"960\" src=\"https:\/\/m\u00edoflore.com\/wp-content\/uploads\/2023\/07\/46.jpg\" class=\"attachment-large size-large wp-image-248\" alt=\"\" srcset=\"http:\/\/m\u00edoflore.com\/wp-content\/uploads\/2023\/07\/46.jpg 896w, http:\/\/m\u00edoflore.com\/wp-content\/uploads\/2023\/07\/46-280x300.jpg 280w, http:\/\/m\u00edoflore.com\/wp-content\/uploads\/2023\/07\/46-768x823.jpg 768w, http:\/\/m\u00edoflore.com\/wp-content\/uploads\/2023\/07\/46-600x643.jpg 600w\" sizes=\"(max-width: 896px) 100vw, 896px\" \/>\t\t\t\t\t\t\t\t\t\t\t\t\t<\/div>\n\t\t\t\t<\/div>\n\t\t\t\t<div class=\"elementor-element elementor-element-da7cbc1 elementor-widget elementor-widget-heading\" data-id=\"da7cbc1\" data-element_type=\"widget\" data-widget_type=\"heading.default\">\n\t\t\t\t<div class=\"elementor-widget-container\">\n\t\t\t<h2 class=\"elementor-heading-title elementor-size-default\">Nos enorgullece<\/h2>\t\t<\/div>\n\t\t\t\t<\/div>\n\t\t\t\t<div class=\"elementor-element elementor-element-009ac4d elementor-widget elementor-widget-text-editor\" data-id=\"009ac4d\" data-element_type=\"widget\" data-widget_type=\"text-editor.default\">\n\t\t\t\t<div class=\"elementor-widget-container\">\n\t\t\t\t\t\t\t<p>Cada pedido que recibimos es una oportunidad para compartir alegr\u00eda y amor. Nos enorgullece ser parte de tus momentos especiales, desde celebraciones alegres hasta expresiones de afecto y condolencias. En cada detalle, dejamos nuestro coraz\u00f3n para que tu mensaje llegue con toda la intensidad que merece.<\/p>\t\t\t\t\t\t<\/div>\n\t\t\t\t<\/div>\n\t\t\t\t\t<\/div>\n\t\t<\/div>\n\t\t\t\t\t<\/div>\n\t\t<\/section>\n\t\t\t\t<\/div>\n\t\t","protected":false},"excerpt":{"rendered":"<p>Sobre nosotros \u00bfQui\u00e9nes somos? Somos una florister\u00eda virtual que nace con el objetivo de llevar la magia y la belleza de las flores directamente a tu coraz\u00f3n, sin importar la distancia. En M\u00edo Flore, creemos que cada momento merece ser celebrado y cada sentimiento merece ser expresado de manera \u00fanica y especial. \u00a0 En M\u00edo &hellip;<\/p>\n<p class=\"read-more\"> <a class=\"\" href=\"https:\/\/m\u00edoflore.com\/?page_id=107\"> <span class=\"screen-reader-text\">Sobre nosotros<\/span> Leer m\u00e1s &raquo;<\/a><\/p>\n","protected":false},"author":1,"featured_media":0,"parent":0,"menu_order":0,"comment_status":"closed","ping_status":"closed","template":"","meta":{"site-sidebar-layout":"no-sidebar","site-content-layout":"page-builder","ast-global-header-display":"","ast-banner-title-visibility":"","ast-main-header-display":"","ast-hfb-above-header-display":"","ast-hfb-below-header-display":"","ast-hfb-mobile-header-display":"","site-post-title":"disabled","ast-breadcrumbs-content":"","ast-featured-img":"disabled","footer-sml-layout":"","theme-transparent-header-meta":"","adv-header-id-meta":"","stick-header-meta":"","header-above-stick-meta":"","header-main-stick-meta":"","header-below-stick-meta":"","footnotes":""},"jetpack_sharing_enabled":true,"_links":{"self":[{"href":"https:\/\/m\u00edoflore.com\/index.php?rest_route=\/wp\/v2\/pages\/107"}],"collection":[{"href":"https:\/\/m\u00edoflore.com\/index.php?rest_route=\/wp\/v2\/pages"}],"about":[{"href":"https:\/\/m\u00edoflore.com\/index.php?rest_route=\/wp\/v2\/types\/page"}],"author":[{"embeddable":true,"href":"https:\/\/m\u00edoflore.com\/index.php?rest_route=\/wp\/v2\/users\/1"}],"replies":[{"embeddable":true,"href":"https:\/\/m\u00edoflore.com\/index.php?rest_route=%2Fwp%2Fv2%2Fcomments&post=107"}],"version-history":[{"count":65,"href":"https:\/\/m\u00edoflore.com\/index.php?rest_route=\/wp\/v2\/pages\/107\/revisions"}],"predecessor-version":[{"id":1898,"href":"https:\/\/m\u00edoflore.com\/index.php?rest_route=\/wp\/v2\/pages\/107\/revisions\/1898"}],"wp:attachment":[{"href":"https:\/\/m\u00edoflore.com\/index.php?rest_route=%2Fwp%2Fv2%2Fmedia&parent=107"}],"curies":[{"name":"wp","href":"https:\/\/api.w.org\/{rel}","templated":true}]}}